{"id":62,"date":"2021-04-25T18:50:51","date_gmt":"2021-04-25T18:50:51","guid":{"rendered":"http:\/\/caticalo.com\/?page_id=62"},"modified":"2022-04-02T19:04:59","modified_gmt":"2022-04-02T19:04:59","slug":"sobre-mi","status":"publish","type":"page","link":"https:\/\/caticalo.com\/index.php\/sobre-mi\/","title":{"rendered":"Sobre m\u00ed"},"content":{"rendered":"\n<p>\u00a1Hola, lectora o lector!<\/p>\n\n\n\n<p>Si ya te has dado una vuelta por mi blog, puede que a estas alturas te preguntes qui\u00e9n diantres soy (o tal vez te importe un pepino). En todo caso y por si has llegado a este apartado, me voy a presentar.<\/p>\n\n\n\n<h3 class=\"wp-block-heading\"> \u00bfQu\u00eden es Cati Calo? <\/h3>\n\n\n\n<p>Mi nombre es Cati y soy una escritora amateur gallega. Sobre m\u00ed puedo contarte que, aunque escribo desde que puedo recordar, empec\u00e9 a tom\u00e1rmelo un poco m\u00e1s en serio hace unos cuatro a\u00f1os. Siempre me ha dado mucha verg\u00fcenza que mis conocides lean lo que escribo, y he mantenido esta faceta en secreto casi toda mi vida. Sin embargo, un d\u00eda me dio un arrebato aventurero y me anim\u00e9 a subir mi primera novela a Wattpad.\u00a0 Mi sorpresa fue may\u00fascula cuando el libro comenz\u00f3 a recibir buenas cr\u00edticas y poco a poco crecieron las lecturas y seguidores. Tuve la fortuna de encontrar gente maravillosa, que me ha ayudado a que mis obras mejorasen con sus cr\u00edticas amables y respetuosas, y lo que iba a ser un libro se convirti\u00f3 en una trilog\u00eda. <a href=\"https:\/\/www.wattpad.com\/story\/236626210-cr%C3%B3nicas-de-galedia-i-ialmyr\">Ese libro<\/a> que sub\u00ed con mucho miedo ha recibido un Watty este a\u00f1o en la categor\u00eda de fantas\u00eda, y de esto he aprendido que en la vida hay que intentar dejar el temor aparcado y atreverse un poco m\u00e1s (f\u00e1cil de decir, dif\u00edcil de ejecutar, pero seguimos trabajando en ello).<\/p>\n\n\n\n<h4 class=\"wp-block-heading\">\u00bfPor qu\u00e9 escribo?<\/h4>\n\n\n\n<p>Mis motivaciones para escribir son varias, pero la primera, aunque sea poco original, es escapar un poco de la realidad que me rodea y crear los mundos e historias que me gustar\u00eda leer. Siempre he escrito para m\u00ed misma ante todo, aunque por supuesto disfruto mucho cuando a otras personas les agrada lo que hago. Tambi\u00e9n escribo para hablar sobre temas que me preocupan, por haberlos sufrido o por verlos de cerca, y en mis textos suelen estar muy presentes el feminismo, la salud mental, la diversidad o el trato que en ocasiones se le da a la infancia.<\/p>\n\n\n\n<h4 class=\"wp-block-heading\">No todo son las letras \ud83d\ude1b <\/h4>\n\n\n\n<p>Al margen de la escritura, me dedico a la fisioterapia y trabajo en el \u00e1mbito de la discapacidad. Soy bastante friki, leo sobre todo fantas\u00eda o novela hist\u00f3rica, me encantan los juegos de mesa y alg\u00fan que otro videojuego, me gusta cocinar y experimentar con las recetas, dormir la siesta con mi gata, engancharme a series, ir al cine y ver pel\u00edculas malas durante la sobremesa&nbsp; los fines de semana. Tambi\u00e9n me apasiona la m\u00fasica y la escucho cada d\u00eda de mi vida. Lo que m\u00e1s me gusta es el metal y las bandas sonoras, que suelen acompa\u00f1arme cuando escribo.<\/p>\n\n\n\n<p>Sobre mi car\u00e1cter, soy t\u00edmida al principio, hasta que cojo confianza con la gente. Tambi\u00e9n me considero bastante emp\u00e1tica, honesta y trabajadora, e intento ser asertiva. Tengo un humor tirando a absurdo y los \u00fanicos chistes que me hacen gracia son los de Batman. Soy un poco desordenada y escribiendo soy una absoluta br\u00fajula. Suelo so\u00f1ar despierta y soy la t\u00edpica persona que va tan ensimismada por la calle fantaseando con sus cosas que choca contra las farolas y se\u00f1ales cada dos por tres. Para mi desgracia, tambi\u00e9n soy muy insegura en general, y mi escritura no es la excepci\u00f3n. Tiendo a pensar que lo que escribo es una m***** (ins\u00e9rtese emoticono de caca) y a veces me desmoralizo un poquito mucho. Soy consciente que esta lacra (o impostor) es por desgracia muy corriente entre las escritoras y escritores que conozco, as\u00ed que vamos a intentar patearle el trasero entre todes.<\/p>\n\n\n\n<p>No s\u00e9 qu\u00e9 m\u00e1s contarte, as\u00ed que me voy despidiendo. Si quieres conocerme en profundidad, no hay mejor manera que echarle un vistazo a mis libros y relatos, que es donde vuelco mis inquietudes, sue\u00f1os, miedos y fantas\u00edas. En <a href=\"https:\/\/www.wattpad.com\/user\/Cati_Calo\">Wattpad<\/a> puedes encontrar tanto mi saga de fantas\u00eda Cr\u00f3nicas de Galedia como otros relatos cortos relacionados con mitolog\u00eda gallega o celta.<\/p>\n\n\n\n<p>Sin m\u00e1s y d\u00e1ndote las gracias por haberte pasado por mi trocito de espacio cibern\u00e9tico, me despido de ti.<\/p>\n\n\n\n<p>Un fuerte abrazo,<\/p>\n\n\n\n<p>Cati.<\/p>\n\n\n\n<h4 class=\"wp-block-heading\" id=\"block-346d958e-73eb-4c25-8677-fbbdd1661906\">\u00a1S\u00edgueme!<\/h4>\n\n\n\n<div class=\"wp-block-columns social-media-links is-layout-flex wp-container-core-columns-is-layout-1 wp-block-columns-is-layout-flex\">\n<div class=\"wp-block-column is-vertically-aligned-center is-layout-flow wp-block-column-is-layout-flow\">\n<div class=\"wp-block-image\"><figure class=\"aligncenter size-large is-resized\"><a href=\"https:\/\/www.wattpad.com\/user\/Cati_Calo\"><img loading=\"lazy\" decoding=\"async\" src=\"http:\/\/caticalo.com\/wp-content\/uploads\/2021\/05\/watt-1.png\" alt=\"\" class=\"wp-image-113\" width=\"100\" height=\"74\" srcset=\"https:\/\/caticalo.com\/wp-content\/uploads\/2021\/05\/watt-1.png 842w, https:\/\/caticalo.com\/wp-content\/uploads\/2021\/05\/watt-1-300x223.png 300w, https:\/\/caticalo.com\/wp-content\/uploads\/2021\/05\/watt-1-768x571.png 768w, https:\/\/caticalo.com\/wp-content\/uploads\/2021\/05\/watt-1-81x60.png 81w\" sizes=\"(max-width: 100px) 100vw, 100px\" \/><\/a><\/figure><\/div>\n<\/div>\n\n\n\n<div class=\"wp-block-column is-vertically-aligned-center is-layout-flow wp-block-column-is-layout-flow\">\n<ul class=\"wp-block-social-links has-huge-icon-size no-wattpad is-layout-flex wp-block-social-links-is-layout-flex\"><li class=\"wp-social-link wp-social-link-instagram  wp-block-social-link\"><a href=\"https:\/\/www.instagram.com\/cati_calo\/\" class=\"wp-block-social-link-anchor\"><svg width=\"24\" height=\"24\" viewBox=\"0 0 24 24\" version=\"1.1\" xmlns=\"http:\/\/www.w3.org\/2000\/svg\" aria-hidden=\"true\" focusable=\"false\"><path d=\"M12,4.622c2.403,0,2.688,0.009,3.637,0.052c0.877,0.04,1.354,0.187,1.671,0.31c0.42,0.163,0.72,0.358,1.035,0.673 c0.315,0.315,0.51,0.615,0.673,1.035c0.123,0.317,0.27,0.794,0.31,1.671c0.043,0.949,0.052,1.234,0.052,3.637 s-0.009,2.688-0.052,3.637c-0.04,0.877-0.187,1.354-0.31,1.671c-0.163,0.42-0.358,0.72-0.673,1.035 c-0.315,0.315-0.615,0.51-1.035,0.673c-0.317,0.123-0.794,0.27-1.671,0.31c-0.949,0.043-1.233,0.052-3.637,0.052 s-2.688-0.009-3.637-0.052c-0.877-0.04-1.354-0.187-1.671-0.31c-0.42-0.163-0.72-0.358-1.035-0.673 c-0.315-0.315-0.51-0.615-0.673-1.035c-0.123-0.317-0.27-0.794-0.31-1.671C4.631,14.688,4.622,14.403,4.622,12 s0.009-2.688,0.052-3.637c0.04-0.877,0.187-1.354,0.31-1.671c0.163-0.42,0.358-0.72,0.673-1.035 c0.315-0.315,0.615-0.51,1.035-0.673c0.317-0.123,0.794-0.27,1.671-0.31C9.312,4.631,9.597,4.622,12,4.622 M12,3 C9.556,3,9.249,3.01,8.289,3.054C7.331,3.098,6.677,3.25,6.105,3.472C5.513,3.702,5.011,4.01,4.511,4.511 c-0.5,0.5-0.808,1.002-1.038,1.594C3.25,6.677,3.098,7.331,3.054,8.289C3.01,9.249,3,9.556,3,12c0,2.444,0.01,2.751,0.054,3.711 c0.044,0.958,0.196,1.612,0.418,2.185c0.23,0.592,0.538,1.094,1.038,1.594c0.5,0.5,1.002,0.808,1.594,1.038 c0.572,0.222,1.227,0.375,2.185,0.418C9.249,20.99,9.556,21,12,21s2.751-0.01,3.711-0.054c0.958-0.044,1.612-0.196,2.185-0.418 c0.592-0.23,1.094-0.538,1.594-1.038c0.5-0.5,0.808-1.002,1.038-1.594c0.222-0.572,0.375-1.227,0.418-2.185 C20.99,14.751,21,14.444,21,12s-0.01-2.751-0.054-3.711c-0.044-0.958-0.196-1.612-0.418-2.185c-0.23-0.592-0.538-1.094-1.038-1.594 c-0.5-0.5-1.002-0.808-1.594-1.038c-0.572-0.222-1.227-0.375-2.185-0.418C14.751,3.01,14.444,3,12,3L12,3z M12,7.378 c-2.552,0-4.622,2.069-4.622,4.622S9.448,16.622,12,16.622s4.622-2.069,4.622-4.622S14.552,7.378,12,7.378z M12,15 c-1.657,0-3-1.343-3-3s1.343-3,3-3s3,1.343,3,3S13.657,15,12,15z M16.804,6.116c-0.596,0-1.08,0.484-1.08,1.08 s0.484,1.08,1.08,1.08c0.596,0,1.08-0.484,1.08-1.08S17.401,6.116,16.804,6.116z\"><\/path><\/svg><span class=\"wp-block-social-link-label screen-reader-text\">Instagram<\/span><\/a><\/li>\n\n<li class=\"wp-social-link wp-social-link-twitter  wp-block-social-link\"><a href=\"https:\/\/twitter.com\/calocati\" class=\"wp-block-social-link-anchor\"><svg width=\"24\" height=\"24\" viewBox=\"0 0 24 24\" version=\"1.1\" xmlns=\"http:\/\/www.w3.org\/2000\/svg\" aria-hidden=\"true\" focusable=\"false\"><path d=\"M22.23,5.924c-0.736,0.326-1.527,0.547-2.357,0.646c0.847-0.508,1.498-1.312,1.804-2.27 c-0.793,0.47-1.671,0.812-2.606,0.996C18.324,4.498,17.257,4,16.077,4c-2.266,0-4.103,1.837-4.103,4.103 c0,0.322,0.036,0.635,0.106,0.935C8.67,8.867,5.647,7.234,3.623,4.751C3.27,5.357,3.067,6.062,3.067,6.814 c0,1.424,0.724,2.679,1.825,3.415c-0.673-0.021-1.305-0.206-1.859-0.513c0,0.017,0,0.034,0,0.052c0,1.988,1.414,3.647,3.292,4.023 c-0.344,0.094-0.707,0.144-1.081,0.144c-0.264,0-0.521-0.026-0.772-0.074c0.522,1.63,2.038,2.816,3.833,2.85 c-1.404,1.1-3.174,1.756-5.096,1.756c-0.331,0-0.658-0.019-0.979-0.057c1.816,1.164,3.973,1.843,6.29,1.843 c7.547,0,11.675-6.252,11.675-11.675c0-0.178-0.004-0.355-0.012-0.531C20.985,7.47,21.68,6.747,22.23,5.924z\"><\/path><\/svg><span class=\"wp-block-social-link-label screen-reader-text\">Twitter<\/span><\/a><\/li>\n\n<li class=\"wp-social-link wp-social-link-facebook  wp-block-social-link\"><a href=\"https:\/\/www.facebook.com\/cati.calo.1\" class=\"wp-block-social-link-anchor\"><svg width=\"24\" height=\"24\" viewBox=\"0 0 24 24\" version=\"1.1\" xmlns=\"http:\/\/www.w3.org\/2000\/svg\" aria-hidden=\"true\" focusable=\"false\"><path d=\"M12 2C6.5 2 2 6.5 2 12c0 5 3.7 9.1 8.4 9.9v-7H7.9V12h2.5V9.8c0-2.5 1.5-3.9 3.8-3.9 1.1 0 2.2.2 2.2.2v2.5h-1.3c-1.2 0-1.6.8-1.6 1.6V12h2.8l-.4 2.9h-2.3v7C18.3 21.1 22 17 22 12c0-5.5-4.5-10-10-10z\"><\/path><\/svg><span class=\"wp-block-social-link-label screen-reader-text\">Facebook<\/span><\/a><\/li><\/ul>\n<\/div>\n<\/div>\n","protected":false},"excerpt":{"rendered":"<p>\u00a1Hola, lectora o lector! Si ya te has dado una vuelta por mi blog, puede que a estas alturas te preguntes qui\u00e9n diantres soy (o &hellip; <\/p>\n","protected":false},"author":3,"featured_media":0,"parent":0,"menu_order":0,"comment_status":"closed","ping_status":"closed","template":"","meta":{"footnotes":""},"class_list":["post-62","page","type-page","status-publish","hentry","latest_post"],"yoast_head":"<!-- This site is optimized with the Yoast SEO plugin v23.2 - https:\/\/yoast.com\/wordpress\/plugins\/seo\/ -->\n<title>Sobre m\u00ed - Cati Calo<\/title>\n<meta name=\"description\" content=\"\u00a1Hola! Mi nombre es Cati y soy escritora novel y rese\u00f1adora. \u00bfQuieres conocerme? Entra aqu\u00ed.\" \/>\n<meta name=\"robots\" content=\"index, follow, max-snippet:-1, max-image-preview:large, max-video-preview:-1\" \/>\n<link rel=\"canonical\" href=\"https:\/\/caticalo.com\/index.php\/sobre-mi\/\" \/>\n<meta property=\"og:locale\" content=\"es_ES\" \/>\n<meta property=\"og:type\" content=\"article\" \/>\n<meta property=\"og:title\" content=\"Sobre m\u00ed - Cati Calo\" \/>\n<meta property=\"og:description\" content=\"\u00a1Hola! Mi nombre es Cati y soy escritora novel y rese\u00f1adora. \u00bfQuieres conocerme? Entra aqu\u00ed.\" \/>\n<meta property=\"og:url\" content=\"https:\/\/caticalo.com\/index.php\/sobre-mi\/\" \/>\n<meta property=\"og:site_name\" content=\"Cati Calo\" \/>\n<meta property=\"article:modified_time\" content=\"2022-04-02T19:04:59+00:00\" \/>\n<meta property=\"og:image\" content=\"http:\/\/caticalo.com\/wp-content\/uploads\/2021\/05\/watt-1.png\" \/>\n<meta name=\"twitter:card\" content=\"summary_large_image\" \/>\n<meta name=\"twitter:label1\" content=\"Tiempo de lectura\" \/>\n\t<meta name=\"twitter:data1\" content=\"4 minutos\" \/>\n<script type=\"application\/ld+json\" class=\"yoast-schema-graph\">{\"@context\":\"https:\/\/schema.org\",\"@graph\":[{\"@type\":\"WebPage\",\"@id\":\"https:\/\/caticalo.com\/index.php\/sobre-mi\/\",\"url\":\"https:\/\/caticalo.com\/index.php\/sobre-mi\/\",\"name\":\"Sobre m\u00ed - Cati Calo\",\"isPartOf\":{\"@id\":\"https:\/\/caticalo.com\/#website\"},\"primaryImageOfPage\":{\"@id\":\"https:\/\/caticalo.com\/index.php\/sobre-mi\/#primaryimage\"},\"image\":{\"@id\":\"https:\/\/caticalo.com\/index.php\/sobre-mi\/#primaryimage\"},\"thumbnailUrl\":\"http:\/\/caticalo.com\/wp-content\/uploads\/2021\/05\/watt-1.png\",\"datePublished\":\"2021-04-25T18:50:51+00:00\",\"dateModified\":\"2022-04-02T19:04:59+00:00\",\"description\":\"\u00a1Hola! Mi nombre es Cati y soy escritora novel y rese\u00f1adora. \u00bfQuieres conocerme? Entra aqu\u00ed.\",\"breadcrumb\":{\"@id\":\"https:\/\/caticalo.com\/index.php\/sobre-mi\/#breadcrumb\"},\"inLanguage\":\"es\",\"potentialAction\":[{\"@type\":\"ReadAction\",\"target\":[\"https:\/\/caticalo.com\/index.php\/sobre-mi\/\"]}]},{\"@type\":\"ImageObject\",\"inLanguage\":\"es\",\"@id\":\"https:\/\/caticalo.com\/index.php\/sobre-mi\/#primaryimage\",\"url\":\"https:\/\/caticalo.com\/wp-content\/uploads\/2021\/05\/watt-1.png\",\"contentUrl\":\"https:\/\/caticalo.com\/wp-content\/uploads\/2021\/05\/watt-1.png\",\"width\":842,\"height\":626},{\"@type\":\"BreadcrumbList\",\"@id\":\"https:\/\/caticalo.com\/index.php\/sobre-mi\/#breadcrumb\",\"itemListElement\":[{\"@type\":\"ListItem\",\"position\":1,\"name\":\"Home\",\"item\":\"https:\/\/caticalo.com\/\"},{\"@type\":\"ListItem\",\"position\":2,\"name\":\"Sobre m\u00ed\"}]},{\"@type\":\"WebSite\",\"@id\":\"https:\/\/caticalo.com\/#website\",\"url\":\"https:\/\/caticalo.com\/\",\"name\":\"Cati Calo\",\"description\":\"\",\"potentialAction\":[{\"@type\":\"SearchAction\",\"target\":{\"@type\":\"EntryPoint\",\"urlTemplate\":\"https:\/\/caticalo.com\/?s={search_term_string}\"},\"query-input\":\"required name=search_term_string\"}],\"inLanguage\":\"es\"}]}<\/script>\n<!-- \/ Yoast SEO plugin. -->","yoast_head_json":{"title":"Sobre m\u00ed - Cati Calo","description":"\u00a1Hola! Mi nombre es Cati y soy escritora novel y rese\u00f1adora. \u00bfQuieres conocerme? Entra aqu\u00ed.","robots":{"index":"index","follow":"follow","max-snippet":"max-snippet:-1","max-image-preview":"max-image-preview:large","max-video-preview":"max-video-preview:-1"},"canonical":"https:\/\/caticalo.com\/index.php\/sobre-mi\/","og_locale":"es_ES","og_type":"article","og_title":"Sobre m\u00ed - Cati Calo","og_description":"\u00a1Hola! Mi nombre es Cati y soy escritora novel y rese\u00f1adora. \u00bfQuieres conocerme? Entra aqu\u00ed.","og_url":"https:\/\/caticalo.com\/index.php\/sobre-mi\/","og_site_name":"Cati Calo","article_modified_time":"2022-04-02T19:04:59+00:00","og_image":[{"url":"http:\/\/caticalo.com\/wp-content\/uploads\/2021\/05\/watt-1.png"}],"twitter_card":"summary_large_image","twitter_misc":{"Tiempo de lectura":"4 minutos"},"schema":{"@context":"https:\/\/schema.org","@graph":[{"@type":"WebPage","@id":"https:\/\/caticalo.com\/index.php\/sobre-mi\/","url":"https:\/\/caticalo.com\/index.php\/sobre-mi\/","name":"Sobre m\u00ed - Cati Calo","isPartOf":{"@id":"https:\/\/caticalo.com\/#website"},"primaryImageOfPage":{"@id":"https:\/\/caticalo.com\/index.php\/sobre-mi\/#primaryimage"},"image":{"@id":"https:\/\/caticalo.com\/index.php\/sobre-mi\/#primaryimage"},"thumbnailUrl":"http:\/\/caticalo.com\/wp-content\/uploads\/2021\/05\/watt-1.png","datePublished":"2021-04-25T18:50:51+00:00","dateModified":"2022-04-02T19:04:59+00:00","description":"\u00a1Hola! Mi nombre es Cati y soy escritora novel y rese\u00f1adora. \u00bfQuieres conocerme? Entra aqu\u00ed.","breadcrumb":{"@id":"https:\/\/caticalo.com\/index.php\/sobre-mi\/#breadcrumb"},"inLanguage":"es","potentialAction":[{"@type":"ReadAction","target":["https:\/\/caticalo.com\/index.php\/sobre-mi\/"]}]},{"@type":"ImageObject","inLanguage":"es","@id":"https:\/\/caticalo.com\/index.php\/sobre-mi\/#primaryimage","url":"https:\/\/caticalo.com\/wp-content\/uploads\/2021\/05\/watt-1.png","contentUrl":"https:\/\/caticalo.com\/wp-content\/uploads\/2021\/05\/watt-1.png","width":842,"height":626},{"@type":"BreadcrumbList","@id":"https:\/\/caticalo.com\/index.php\/sobre-mi\/#breadcrumb","itemListElement":[{"@type":"ListItem","position":1,"name":"Home","item":"https:\/\/caticalo.com\/"},{"@type":"ListItem","position":2,"name":"Sobre m\u00ed"}]},{"@type":"WebSite","@id":"https:\/\/caticalo.com\/#website","url":"https:\/\/caticalo.com\/","name":"Cati Calo","description":"","potentialAction":[{"@type":"SearchAction","target":{"@type":"EntryPoint","urlTemplate":"https:\/\/caticalo.com\/?s={search_term_string}"},"query-input":"required name=search_term_string"}],"inLanguage":"es"}]}},"_links":{"self":[{"href":"https:\/\/caticalo.com\/index.php\/wp-json\/wp\/v2\/pages\/62"}],"collection":[{"href":"https:\/\/caticalo.com\/index.php\/wp-json\/wp\/v2\/pages"}],"about":[{"href":"https:\/\/caticalo.com\/index.php\/wp-json\/wp\/v2\/types\/page"}],"author":[{"embeddable":true,"href":"https:\/\/caticalo.com\/index.php\/wp-json\/wp\/v2\/users\/3"}],"replies":[{"embeddable":true,"href":"https:\/\/caticalo.com\/index.php\/wp-json\/wp\/v2\/comments?post=62"}],"version-history":[{"count":0,"href":"https:\/\/caticalo.com\/index.php\/wp-json\/wp\/v2\/pages\/62\/revisions"}],"wp:attachment":[{"href":"https:\/\/caticalo.com\/index.php\/wp-json\/wp\/v2\/media?parent=62"}],"curies":[{"name":"wp","href":"https:\/\/api.w.org\/{rel}","templated":true}]}}